{"id":132,"date":"2024-07-30T07:03:53","date_gmt":"2024-07-30T12:03:53","guid":{"rendered":"https:\/\/ditre.co\/?post_type=product&#038;p=132"},"modified":"2025-05-07T11:06:21","modified_gmt":"2025-05-07T16:06:21","slug":"h-1069","status":"publish","type":"product","link":"https:\/\/ditre.co\/?product=h-1069","title":{"rendered":"H-1069"},"content":{"rendered":"<p><span data-sheets-root=\"1\">B\u00e1sica atl\u00e9tica en tela rib poliester algod\u00f3n<\/span><\/p>\n","protected":false},"excerpt":{"rendered":"<p><span data-sheets-root=\"1\">B\u00e1sica atl\u00e9tica en tela rib poliester algod\u00f3n<\/span><\/p>\n","protected":false},"featured_media":150,"comment_status":"open","ping_status":"closed","template":"","meta":[],"product_brand":[],"product_cat":[15],"product_tag":[28,26,27,17],"class_list":{"0":"post-132","1":"product","2":"type-product","3":"status-publish","4":"has-post-thumbnail","6":"product_cat-sin-categorizar","7":"product_tag-blanco","8":"product_tag-habano","9":"product_tag-negro","10":"product_tag-sisa","12":"first","13":"instock","14":"shipping-taxable","15":"purchasable","16":"product-type-variable"},"supplier_id":null,"supplier_sku":"","barcode":null,"atum_controlled":true,"out_stock_date":null,"out_stock_threshold":null,"inheritable":true,"inbound_stock":0,"stock_on_hold":0,"sold_today":0,"sales_last_days":0,"reserved_stock":0,"customer_returns":0,"warehouse_damage":0,"lost_in_post":0,"other_logs":0,"out_stock_days":0,"lost_sales":0,"has_location":false,"update_date":"2026-04-03T15:49:53","atum_locations":[],"atum_stock_status":"instock","restock_status":false,"low_stock_amount":"","sales_update_date":"2026-04-03T15:49:53","calc_backorders":null,"_links":{"self":[{"href":"https:\/\/ditre.co\/index.php?rest_route=\/wp\/v2\/product\/132","targetHints":{"allow":["GET"]}}],"collection":[{"href":"https:\/\/ditre.co\/index.php?rest_route=\/wp\/v2\/product"}],"about":[{"href":"https:\/\/ditre.co\/index.php?rest_route=\/wp\/v2\/types\/product"}],"replies":[{"embeddable":true,"href":"https:\/\/ditre.co\/index.php?rest_route=%2Fwp%2Fv2%2Fcomments&post=132"}],"wp:featuredmedia":[{"embeddable":true,"href":"https:\/\/ditre.co\/index.php?rest_route=\/wp\/v2\/media\/150"}],"wp:attachment":[{"href":"https:\/\/ditre.co\/index.php?rest_route=%2Fwp%2Fv2%2Fmedia&parent=132"}],"wp:term":[{"taxonomy":"product_brand","embeddable":true,"href":"https:\/\/ditre.co\/index.php?rest_route=%2Fwp%2Fv2%2Fproduct_brand&post=132"},{"taxonomy":"product_cat","embeddable":true,"href":"https:\/\/ditre.co\/index.php?rest_route=%2Fwp%2Fv2%2Fproduct_cat&post=132"},{"taxonomy":"product_tag","embeddable":true,"href":"https:\/\/ditre.co\/index.php?rest_route=%2Fwp%2Fv2%2Fproduct_tag&post=132"}],"curies":[{"name":"wp","href":"https:\/\/api.w.org\/{rel}","templated":true}]}}